{"id":1306,"date":"2024-08-22T18:30:21","date_gmt":"2024-08-22T18:30:21","guid":{"rendered":"https:\/\/omnisurgical.com\/international\/?page_id=1306"},"modified":"2024-08-22T18:30:21","modified_gmt":"2024-08-22T18:30:21","slug":"omni-chirurgiesystem-wichtige-sicherheitsinformationen","status":"publish","type":"page","link":"https:\/\/omnisurgical.com\/international\/omni-chirurgiesystem-wichtige-sicherheitsinformationen\/","title":{"rendered":"OMNI<sup>\u00ae<\/sup> Chirurgiesystem : Wichtige Sicherheitsinformationen"},"content":{"rendered":"<div class=\"popup-align\">\n<div class=\"text text-left\">\n<h6>INDIKATIONEN ZUR ANWENDUNG<\/h6>\n<p>Das OMNI<sup>\u00ae<\/sup>-Chirurgiesystem ist f\u00fcr die Katheterisierung und transluminale Viskodilatation des Schlemm\u2019schen Kanals und zur Er\u00f6ffnung des Trabekelmaschenwerks zur Reduzierung des Augeninnendrucks bei erwachsenen Patienten mit Offenwinkelglaukom indiziert.<\/p>\n<p>In einer klinischen Studie zum OMNI-Chirurgiesystem<sup>1,2<\/sup> waren die im Anschluss an den Eingriff am h\u00e4ufigsten berichteten (>5%) Komplikationen Sekund\u00e4rkatarakt (15%), leichte Augenentz\u00fcndung (11%), Schwellung der zentralen Netzhaut (5%), Hornhautschwellung (5%) und erh\u00f6hter Augeninnendruck (5%). Bitte sprechen Sie mit Ihrem Arzt \u00fcber eventuelle Risiken und fragen Sie, ob eine Behandlung mit dem OMNI-System f\u00fcr Sie m\u00f6glich ist.<\/p>\n<p><sup>1.<\/sup> Hirsch et al. J Cataract Refract Surg. 2021 ; 47(7) : 907-915<br \/>\n<sup>2.<\/sup> Vold et al. Ophthalmol Glaucoma. 2021 ; 4 : 173-181<\/p>\n<\/div>\n<\/div>\n","protected":false},"excerpt":{"rendered":"<div class=\"popup-align\">\n<div class=\"text text-left\">\n<h6>INDIKATIONEN ZUR ANWENDUNG<\/h6>\n<p>Das OMNI<sup>\u00ae<\/sup>-Chirurgiesystem ist f\u00fcr die Katheterisierung und transluminale Viskodilatation des Schlemm\u2019schen Kanals und zur Er\u00f6ffnung des Trabekelmaschenwerks zur Reduzierung des Augeninnendrucks bei erwachsenen Patienten mit Offenwinkelglaukom indiziert.<\/p>\n","protected":false},"author":4,"featured_media":0,"parent":0,"menu_order":0,"comment_status":"closed","ping_status":"closed","template":"","meta":{"_acf_changed":false,"footnotes":""},"class_list":["post-1306","page","type-page","status-publish","hentry"],"acf":[],"yoast_head":"<!-- This site is optimized with the Yoast SEO Premium plugin v27.4 (Yoast SEO v27.4) - https:\/\/yoast.com\/product\/yoast-seo-premium-wordpress\/ -->\n<title>OMNI\u00ae Chirurgiesystem : Wichtige Sicherheitsinformationen - International<\/title>\n<meta name=\"description\" content=\"OMNI\u00ae Chirurgiesystem : Wichtige Sicherheitsinformationen\" \/>\n<meta name=\"robots\" content=\"index, follow, max-snippet:-1, max-image-preview:large, max-video-preview:-1\" \/>\n<link rel=\"canonical\" href=\"https:\/\/omnisurgical.com\/international\/omni-chirurgiesystem-wichtige-sicherheitsinformationen\/\" \/>\n<meta property=\"og:locale\" content=\"en_US\" \/>\n<meta property=\"og:type\" content=\"article\" \/>\n<meta property=\"og:title\" content=\"OMNI\u00ae Chirurgiesystem : Wichtige Sicherheitsinformationen\" \/>\n<meta property=\"og:description\" content=\"OMNI\u00ae Chirurgiesystem : Wichtige Sicherheitsinformationen\" \/>\n<meta property=\"og:url\" content=\"https:\/\/omnisurgical.com\/international\/omni-chirurgiesystem-wichtige-sicherheitsinformationen\/\" \/>\n<meta property=\"og:site_name\" content=\"International\" \/>\n<meta name=\"twitter:card\" content=\"summary_large_image\" \/>\n<meta name=\"twitter:label1\" content=\"Est. reading time\" \/>\n\t<meta name=\"twitter:data1\" content=\"1 minute\" \/>\n<script type=\"application\/ld+json\" class=\"yoast-schema-graph\">{\"@context\":\"https:\\\/\\\/schema.org\",\"@graph\":[{\"@type\":\"WebPage\",\"@id\":\"https:\\\/\\\/omnisurgical.com\\\/international\\\/omni-chirurgiesystem-wichtige-sicherheitsinformationen\\\/\",\"url\":\"https:\\\/\\\/omnisurgical.com\\\/international\\\/omni-chirurgiesystem-wichtige-sicherheitsinformationen\\\/\",\"name\":\"OMNI\u00ae Chirurgiesystem : Wichtige Sicherheitsinformationen - International\",\"isPartOf\":{\"@id\":\"https:\\\/\\\/omnisurgical.com\\\/international\\\/#website\"},\"datePublished\":\"2024-08-22T18:30:21+00:00\",\"description\":\"OMNI\u00ae Chirurgiesystem : Wichtige Sicherheitsinformationen\",\"breadcrumb\":{\"@id\":\"https:\\\/\\\/omnisurgical.com\\\/international\\\/omni-chirurgiesystem-wichtige-sicherheitsinformationen\\\/#breadcrumb\"},\"inLanguage\":\"en-US\",\"potentialAction\":[{\"@type\":\"ReadAction\",\"target\":[\"https:\\\/\\\/omnisurgical.com\\\/international\\\/omni-chirurgiesystem-wichtige-sicherheitsinformationen\\\/\"]}]},{\"@type\":\"BreadcrumbList\",\"@id\":\"https:\\\/\\\/omnisurgical.com\\\/international\\\/omni-chirurgiesystem-wichtige-sicherheitsinformationen\\\/#breadcrumb\",\"itemListElement\":[{\"@type\":\"ListItem\",\"position\":1,\"name\":\"Home\",\"item\":\"https:\\\/\\\/omnisurgical.com\\\/international\\\/\"},{\"@type\":\"ListItem\",\"position\":2,\"name\":\"OMNI\u00ae Chirurgiesystem : Wichtige Sicherheitsinformationen\"}]},{\"@type\":\"WebSite\",\"@id\":\"https:\\\/\\\/omnisurgical.com\\\/international\\\/#website\",\"url\":\"https:\\\/\\\/omnisurgical.com\\\/international\\\/\",\"name\":\"International\",\"description\":\"OMNI\u00ae Surgical System\",\"potentialAction\":[{\"@type\":\"SearchAction\",\"target\":{\"@type\":\"EntryPoint\",\"urlTemplate\":\"https:\\\/\\\/omnisurgical.com\\\/international\\\/?s={search_term_string}\"},\"query-input\":{\"@type\":\"PropertyValueSpecification\",\"valueRequired\":true,\"valueName\":\"search_term_string\"}}],\"inLanguage\":\"en-US\"}]}<\/script>\n<!-- \/ Yoast SEO Premium plugin. -->","yoast_head_json":{"title":"OMNI\u00ae Chirurgiesystem : Wichtige Sicherheitsinformationen - International","description":"OMNI\u00ae Chirurgiesystem : Wichtige Sicherheitsinformationen","robots":{"index":"index","follow":"follow","max-snippet":"max-snippet:-1","max-image-preview":"max-image-preview:large","max-video-preview":"max-video-preview:-1"},"canonical":"https:\/\/omnisurgical.com\/international\/omni-chirurgiesystem-wichtige-sicherheitsinformationen\/","og_locale":"en_US","og_type":"article","og_title":"OMNI\u00ae Chirurgiesystem : Wichtige Sicherheitsinformationen","og_description":"OMNI\u00ae Chirurgiesystem : Wichtige Sicherheitsinformationen","og_url":"https:\/\/omnisurgical.com\/international\/omni-chirurgiesystem-wichtige-sicherheitsinformationen\/","og_site_name":"International","twitter_card":"summary_large_image","twitter_misc":{"Est. reading time":"1 minute"},"schema":{"@context":"https:\/\/schema.org","@graph":[{"@type":"WebPage","@id":"https:\/\/omnisurgical.com\/international\/omni-chirurgiesystem-wichtige-sicherheitsinformationen\/","url":"https:\/\/omnisurgical.com\/international\/omni-chirurgiesystem-wichtige-sicherheitsinformationen\/","name":"OMNI\u00ae Chirurgiesystem : Wichtige Sicherheitsinformationen - International","isPartOf":{"@id":"https:\/\/omnisurgical.com\/international\/#website"},"datePublished":"2024-08-22T18:30:21+00:00","description":"OMNI\u00ae Chirurgiesystem : Wichtige Sicherheitsinformationen","breadcrumb":{"@id":"https:\/\/omnisurgical.com\/international\/omni-chirurgiesystem-wichtige-sicherheitsinformationen\/#breadcrumb"},"inLanguage":"en-US","potentialAction":[{"@type":"ReadAction","target":["https:\/\/omnisurgical.com\/international\/omni-chirurgiesystem-wichtige-sicherheitsinformationen\/"]}]},{"@type":"BreadcrumbList","@id":"https:\/\/omnisurgical.com\/international\/omni-chirurgiesystem-wichtige-sicherheitsinformationen\/#breadcrumb","itemListElement":[{"@type":"ListItem","position":1,"name":"Home","item":"https:\/\/omnisurgical.com\/international\/"},{"@type":"ListItem","position":2,"name":"OMNI\u00ae Chirurgiesystem : Wichtige Sicherheitsinformationen"}]},{"@type":"WebSite","@id":"https:\/\/omnisurgical.com\/international\/#website","url":"https:\/\/omnisurgical.com\/international\/","name":"International","description":"OMNI\u00ae Surgical System","potentialAction":[{"@type":"SearchAction","target":{"@type":"EntryPoint","urlTemplate":"https:\/\/omnisurgical.com\/international\/?s={search_term_string}"},"query-input":{"@type":"PropertyValueSpecification","valueRequired":true,"valueName":"search_term_string"}}],"inLanguage":"en-US"}]}},"_links":{"self":[{"href":"https:\/\/omnisurgical.com\/international\/wp-json\/wp\/v2\/pages\/1306","targetHints":{"allow":["GET"]}}],"collection":[{"href":"https:\/\/omnisurgical.com\/international\/wp-json\/wp\/v2\/pages"}],"about":[{"href":"https:\/\/omnisurgical.com\/international\/wp-json\/wp\/v2\/types\/page"}],"author":[{"embeddable":true,"href":"https:\/\/omnisurgical.com\/international\/wp-json\/wp\/v2\/users\/4"}],"replies":[{"embeddable":true,"href":"https:\/\/omnisurgical.com\/international\/wp-json\/wp\/v2\/comments?post=1306"}],"version-history":[{"count":1,"href":"https:\/\/omnisurgical.com\/international\/wp-json\/wp\/v2\/pages\/1306\/revisions"}],"predecessor-version":[{"id":1307,"href":"https:\/\/omnisurgical.com\/international\/wp-json\/wp\/v2\/pages\/1306\/revisions\/1307"}],"wp:attachment":[{"href":"https:\/\/omnisurgical.com\/international\/wp-json\/wp\/v2\/media?parent=1306"}],"curies":[{"name":"wp","href":"https:\/\/api.w.org\/{rel}","templated":true}]}}